{"id":1536,"date":"2022-03-17T21:48:08","date_gmt":"2022-03-17T20:48:08","guid":{"rendered":"https:\/\/plavnica.fara.sk\/?page_id=1536"},"modified":"2024-10-31T14:10:16","modified_gmt":"2024-10-31T13:10:16","slug":"sviatost-manzelstva","status":"publish","type":"page","link":"https:\/\/plavnica.fara.sk\/?page_id=1536","title":{"rendered":"Sviatos\u0165 man\u017eelstva"},"content":{"rendered":"\n<p>Mil\u00ed sn\u00fabenci!<br>Chceme V\u00e1s poprosi\u0165, aby ste si zabezpe\u010dili svadobn\u00fa v\u00fdzdobu na sob\u00e1\u0161nu sv. om\u0161u.<\/p>\n\n\n\n<p> V\u00fdzdoba pozost\u00e1va: kvetinov\u00e9 ikebany, n\u00e1vleky na stoli\u010dky a&nbsp;k\u013ea\u010dadlo a&nbsp;ak si chcete vyzdobi\u0165 aj lavice.<br>Svadobn\u00fa v\u00fdzdobu si m\u00f4\u017eete v&nbsp;kostole pripravi\u0165 v&nbsp;PIATOK po sv. om\u0161i. K\u013e\u00fa\u010d si dohodnete s&nbsp;p. kostoln\u00edkom. Po skon\u010den\u00ed sob\u00e1\u0161nej sv. om\u0161i je potrebn\u00e9 svadobn\u00fa v\u00fdzdobu uprata\u0165 (odzdobi\u0165 lavice, stoli\u010dky a&nbsp;k\u013ea\u010dadlo) a&nbsp;z&nbsp;ikeb\u00e1n odstr\u00e1ni\u0165 svadobn\u00e9 doplnky. <\/p>\n\n\n\n<p>Ak potrebujete po\u017ei\u010da\u0165 v\u00e1zy a\u00a0n\u00e1vleky na<br>stoli\u010dky z\u00a0kostol kontaktujte p. Moniku Maru\u0161\u010d\u00e1kov\u00fa (tel: 0911 991 526)<\/p>\n","protected":false},"excerpt":{"rendered":"<p>Mil\u00ed sn\u00fabenci!Chceme V\u00e1s poprosi\u0165, aby ste si zabezpe\u010dili svadobn\u00fa v\u00fdzdobu na sob\u00e1\u0161nu sv. om\u0161u. V\u00fdzdoba pozost\u00e1va: kvetinov\u00e9 ikebany, n\u00e1vleky na [&hellip;]<\/p>\n","protected":false},"author":1,"featured_media":0,"parent":0,"menu_order":0,"comment_status":"closed","ping_status":"closed","template":"","meta":{"footnotes":""},"class_list":["post-1536","page","type-page","status-publish","hentry"],"_links":{"self":[{"href":"https:\/\/plavnica.fara.sk\/index.php?rest_route=\/wp\/v2\/pages\/1536","targetHints":{"allow":["GET"]}}],"collection":[{"href":"https:\/\/plavnica.fara.sk\/index.php?rest_route=\/wp\/v2\/pages"}],"about":[{"href":"https:\/\/plavnica.fara.sk\/index.php?rest_route=\/wp\/v2\/types\/page"}],"author":[{"embeddable":true,"href":"https:\/\/plavnica.fara.sk\/index.php?rest_route=\/wp\/v2\/users\/1"}],"replies":[{"embeddable":true,"href":"https:\/\/plavnica.fara.sk\/index.php?rest_route=%2Fwp%2Fv2%2Fcomments&post=1536"}],"version-history":[{"count":2,"href":"https:\/\/plavnica.fara.sk\/index.php?rest_route=\/wp\/v2\/pages\/1536\/revisions"}],"predecessor-version":[{"id":2192,"href":"https:\/\/plavnica.fara.sk\/index.php?rest_route=\/wp\/v2\/pages\/1536\/revisions\/2192"}],"wp:attachment":[{"href":"https:\/\/plavnica.fara.sk\/index.php?rest_route=%2Fwp%2Fv2%2Fmedia&parent=1536"}],"curies":[{"name":"wp","href":"https:\/\/api.w.org\/{rel}","templated":true}]}}