{"id":176,"date":"2019-02-08T22:52:52","date_gmt":"2019-02-08T21:52:52","guid":{"rendered":"https:\/\/plavnica.fara.sk\/?page_id=176"},"modified":"2024-04-13T08:23:40","modified_gmt":"2024-04-13T07:23:40","slug":"ministranti","status":"publish","type":"page","link":"https:\/\/plavnica.fara.sk\/?page_id=176","title":{"rendered":"Mini\u0161tranti"},"content":{"rendered":"\n<p>Zodpovedn\u00fd: PhDr. \u013dubom\u00edr \u0160tup\u00e1k<\/p>\n","protected":false},"excerpt":{"rendered":"<p>Zodpovedn\u00fd: PhDr. \u013dubom\u00edr \u0160tup\u00e1k<\/p>\n","protected":false},"author":1,"featured_media":0,"parent":0,"menu_order":0,"comment_status":"closed","ping_status":"closed","template":"","meta":{"footnotes":""},"class_list":["post-176","page","type-page","status-publish","hentry"],"_links":{"self":[{"href":"https:\/\/plavnica.fara.sk\/index.php?rest_route=\/wp\/v2\/pages\/176","targetHints":{"allow":["GET"]}}],"collection":[{"href":"https:\/\/plavnica.fara.sk\/index.php?rest_route=\/wp\/v2\/pages"}],"about":[{"href":"https:\/\/plavnica.fara.sk\/index.php?rest_route=\/wp\/v2\/types\/page"}],"author":[{"embeddable":true,"href":"https:\/\/plavnica.fara.sk\/index.php?rest_route=\/wp\/v2\/users\/1"}],"replies":[{"embeddable":true,"href":"https:\/\/plavnica.fara.sk\/index.php?rest_route=%2Fwp%2Fv2%2Fcomments&post=176"}],"version-history":[{"count":3,"href":"https:\/\/plavnica.fara.sk\/index.php?rest_route=\/wp\/v2\/pages\/176\/revisions"}],"predecessor-version":[{"id":2076,"href":"https:\/\/plavnica.fara.sk\/index.php?rest_route=\/wp\/v2\/pages\/176\/revisions\/2076"}],"wp:attachment":[{"href":"https:\/\/plavnica.fara.sk\/index.php?rest_route=%2Fwp%2Fv2%2Fmedia&parent=176"}],"curies":[{"name":"wp","href":"https:\/\/api.w.org\/{rel}","templated":true}]}}