{"id":219,"date":"2019-02-17T15:55:02","date_gmt":"2019-02-17T14:55:02","guid":{"rendered":"https:\/\/plavnica.fara.sk\/?page_id=219"},"modified":"2019-04-12T15:20:03","modified_gmt":"2019-04-12T14:20:03","slug":"kostoly","status":"publish","type":"page","link":"https:\/\/plavnica.fara.sk\/?page_id=219","title":{"rendered":"Farsk\u00fd kostol"},"content":{"rendered":"\n<p align=\"justify\">Farsk\u00fd kostol v Plavnici je zasv\u00e4ten\u00fd Sedembolestnej Panne M\u00e1rii, ktor\u00e1 je taktie\u017e patr\u00f3nkou obce a Slovenska. Mari\u00e1nske patroc\u00ednium bolo vybran\u00e9 kv\u00f4li tomu, \u017ee Panna M\u00e1ria\nbola v\u017edy na\u0161im obyvate\u013eom mocn\u00fdm \u00fato\u010diskom. <\/p>\n\n\n\n<p align=\"justify\">Z\u00e1kladn\u00fd kame\u0148 kostola bol po\u017eehnan\u00fd 15. septembra 2001 Mons. Alojzom Tk\u00e1\u010dom, vtedaj\u0161\u00edm arcibiskupom-metropolitom. Z\u00e1klady kostola boli polo\u017een\u00e9 o 2 dni nesk\u00f4r, teda 17. septembra 2001. Konsekr\u00e1cia kostola bola 4. novembra 2006 na sviatok sv. Karola Boromejsk\u00e9ho.<\/p>\n\n\n\n<p align=\"justify\">Kapacita chr\u00e1mu je takmer 1000 \u013eud\u00ed. Stavba kostola trvala 5 rokov a akt\u00edvne sa do nej zap\u00e1jali  aj veriaci. <\/p>\n\n\n\n<ul class=\"wp-block-gallery columns-2 is-cropped wp-block-gallery-1 is-layout-flex wp-block-gallery-is-layout-flex\"><li class=\"blocks-gallery-item\"><figure><img loading=\"lazy\" decoding=\"async\" width=\"531\" height=\"382\" src=\"https:\/\/plavnica.fara.sk\/wp-content\/uploads\/2019\/04\/stavba1-1.png\" alt=\"\" data-id=\"330\" data-link=\"https:\/\/plavnica.fara.sk\/?attachment_id=330#main\" class=\"wp-image-330\" srcset=\"https:\/\/plavnica.fara.sk\/wp-content\/uploads\/2019\/04\/stavba1-1.png 531w, https:\/\/plavnica.fara.sk\/wp-content\/uploads\/2019\/04\/stavba1-1-300x216.png 300w\" sizes=\"auto, (max-width: 531px) 100vw, 531px\" \/><\/figure><\/li><li class=\"blocks-gallery-item\"><figure><img loading=\"lazy\" decoding=\"async\" width=\"540\" height=\"352\" src=\"https:\/\/plavnica.fara.sk\/wp-content\/uploads\/2019\/04\/stavba3.png\" alt=\"\" data-id=\"331\" data-link=\"https:\/\/plavnica.fara.sk\/?attachment_id=331#main\" class=\"wp-image-331\" srcset=\"https:\/\/plavnica.fara.sk\/wp-content\/uploads\/2019\/04\/stavba3.png 540w, https:\/\/plavnica.fara.sk\/wp-content\/uploads\/2019\/04\/stavba3-300x196.png 300w\" sizes=\"auto, (max-width: 540px) 100vw, 540px\" \/><\/figure><\/li><li class=\"blocks-gallery-item\"><figure><img loading=\"lazy\" decoding=\"async\" width=\"446\" height=\"651\" src=\"https:\/\/plavnica.fara.sk\/wp-content\/uploads\/2019\/04\/stavba6.png\" alt=\"\" data-id=\"332\" data-link=\"https:\/\/plavnica.fara.sk\/?attachment_id=332#main\" class=\"wp-image-332\" srcset=\"https:\/\/plavnica.fara.sk\/wp-content\/uploads\/2019\/04\/stavba6.png 446w, https:\/\/plavnica.fara.sk\/wp-content\/uploads\/2019\/04\/stavba6-206x300.png 206w\" sizes=\"auto, (max-width: 446px) 100vw, 446px\" \/><\/figure><\/li><li class=\"blocks-gallery-item\"><figure><img loading=\"lazy\" decoding=\"async\" width=\"643\" height=\"450\" src=\"https:\/\/plavnica.fara.sk\/wp-content\/uploads\/2019\/04\/stavba8.png\" alt=\"\" data-id=\"333\" data-link=\"https:\/\/plavnica.fara.sk\/?attachment_id=333#main\" class=\"wp-image-333\" srcset=\"https:\/\/plavnica.fara.sk\/wp-content\/uploads\/2019\/04\/stavba8.png 643w, https:\/\/plavnica.fara.sk\/wp-content\/uploads\/2019\/04\/stavba8-300x210.png 300w\" sizes=\"auto, (max-width: 643px) 100vw, 643px\" \/><\/figure><\/li><li class=\"blocks-gallery-item\"><figure><img loading=\"lazy\" decoding=\"async\" width=\"712\" height=\"480\" src=\"https:\/\/plavnica.fara.sk\/wp-content\/uploads\/2019\/04\/stavba10.png\" alt=\"\" data-id=\"334\" data-link=\"https:\/\/plavnica.fara.sk\/?attachment_id=334#main\" class=\"wp-image-334\" srcset=\"https:\/\/plavnica.fara.sk\/wp-content\/uploads\/2019\/04\/stavba10.png 712w, https:\/\/plavnica.fara.sk\/wp-content\/uploads\/2019\/04\/stavba10-300x202.png 300w\" sizes=\"auto, (max-width: 712px) 100vw, 712px\" \/><\/figure><\/li><li class=\"blocks-gallery-item\"><figure><img loading=\"lazy\" decoding=\"async\" width=\"706\" height=\"493\" src=\"https:\/\/plavnica.fara.sk\/wp-content\/uploads\/2019\/04\/stavba11.png\" alt=\"\" data-id=\"335\" data-link=\"https:\/\/plavnica.fara.sk\/?attachment_id=335#main\" class=\"wp-image-335\" srcset=\"https:\/\/plavnica.fara.sk\/wp-content\/uploads\/2019\/04\/stavba11.png 706w, https:\/\/plavnica.fara.sk\/wp-content\/uploads\/2019\/04\/stavba11-300x209.png 300w\" sizes=\"auto, (max-width: 706px) 100vw, 706px\" \/><\/figure><\/li><li class=\"blocks-gallery-item\"><figure><img loading=\"lazy\" decoding=\"async\" width=\"708\" height=\"492\" src=\"https:\/\/plavnica.fara.sk\/wp-content\/uploads\/2019\/04\/stavba15.png\" alt=\"\" data-id=\"336\" data-link=\"https:\/\/plavnica.fara.sk\/?attachment_id=336#main\" class=\"wp-image-336\" srcset=\"https:\/\/plavnica.fara.sk\/wp-content\/uploads\/2019\/04\/stavba15.png 708w, https:\/\/plavnica.fara.sk\/wp-content\/uploads\/2019\/04\/stavba15-300x208.png 300w\" sizes=\"auto, (max-width: 708px) 100vw, 708px\" \/><\/figure><\/li><\/ul>\n\n\n\n<p align=\"justify\">Kostol m\u00e1 trojak\u00fa symboliku. <\/p>\n\n\n\n<p align=\"justify\">Prv\u00e1 symbolika vrav\u00ed, \u017ee kostol je postaven\u00fd do tvaru lode, ke\u010f\u017ee prv\u00ed obyvatelia splavovali drevo po rieke Poprad. P\u00f4dorys kostola je do tvaru ryby, orientovan\u00fd k apside. Ryba sa stala u\u017e od za\u010diatku symbolom kres\u0165anstva. Ve\u017ea m\u00e1 d\u013a\u017eku 30 metrov, \u010do\nznamen\u00e1 30 rokov skryt\u00e9ho Kristovho \u017eivota. Kr\u00ed\u017e, ktor\u00fd sa na nej vyp\u00edna, m\u00e1 d\u013a\u017eku 3 metre \u2013 \u010do znamenaj\u00fa 3 roky Kristovho verejn\u00e9ho \u00fa\u010dinkovania. Stavba sa vykres\u013euje ako lo\u010f (plavidlo). Je zhotoven\u00e1 ako sto\u017eiar, na ktorom je napnut\u00e1 plachta \u2013 \u010do m\u00f4\u017eeme vidie\u0165 ako symbol Cirkvi.<\/p>\n\n\n\n<p align=\"justify\">Druh\u00e1 symbolika n\u00e1m zna\u010d\u00ed, \u017ee\nkostol symbolizuje Krista ako Alfu a Omegu \u2013 za\u010diatok a koniec\nv\u0161etk\u00e9ho.<\/p>\n\n\n\n<p align=\"justify\">Tretia symbolika vykres\u013euje\nkostol ako holubicu \u2013 symbol Ducha Sv\u00e4t\u00e9ho.<\/p>\n\n\n\n<ul class=\"wp-block-gallery columns-1 is-cropped wp-block-gallery-2 is-layout-flex wp-block-gallery-is-layout-flex\"><li class=\"blocks-gallery-item\"><figure><img loading=\"lazy\" decoding=\"async\" width=\"493\" height=\"327\" src=\"https:\/\/plavnica.fara.sk\/wp-content\/uploads\/2019\/04\/DSC1346.jpg\" alt=\"\" data-id=\"337\" data-link=\"https:\/\/plavnica.fara.sk\/?attachment_id=337#main\" class=\"wp-image-337\" srcset=\"https:\/\/plavnica.fara.sk\/wp-content\/uploads\/2019\/04\/DSC1346.jpg 493w, https:\/\/plavnica.fara.sk\/wp-content\/uploads\/2019\/04\/DSC1346-300x199.jpg 300w\" sizes=\"auto, (max-width: 493px) 100vw, 493px\" \/><\/figure><\/li><\/ul>\n\n\n\n<p style=\"text-align: justify\">Presbyt\u00e9rium (sv\u00e4ty\u0148u) kostola tvor\u00ed socha Sedembolestnej Panny M\u00e1rie, sochy sv. Petra a Pavla, olt\u00e1r,bohost\u00e1nok, amb\u00f3na, s\u00e9des. Olt\u00e1r n\u00e1m pribli\u017euje symboliku rieky \u017eivota. T\u00e1to symbolika je zopakovan\u00e1 aj na bohost\u00e1nku, amb\u00f3ne a krstite\u013enici. Kr\u00ed\u017e, ktor\u00fd sa nach\u00e1dza pri olt\u00e1ri, je symbolikou so sv. J\u00e1nom Pavlom II..<\/p>\n\n\n\n<p align=\"justify>Pri bohost\u00e1nku sa nach\u00e1dza relikvi\u00e1r, kde s\u00fa ulo\u017een\u00e9 relikvie (ostatky) sv\u00e4t\u00fdch a blahoslaven\u00fdch.<\/p>\n\n\n\n<p style=\"text-align: justify\">Pri bohost\u00e1nku sa nach\u00e1dza relikvi\u00e1r, kde s\u00fa ulo\u017een\u00e9 relikvie (ostatky) sv\u00e4t\u00fdch a blahoslaven\u00fdch.<\/p>\n\n\n\n<p style=\"text-align: justify\">V kostole sa tie\u017e nach\u00e1dza barokov\u00e1 socha Krista v hrobe, ktor\u00e1 poch\u00e1dza z 18. storo\u010dia. Taktie\u017e s\u00fa po sten\u00e1ch obrazy Bo\u017eieho milosrdenstva a Korunovania Panna M\u00e1rie.<\/p>\n\n\n\n<figure class=\"wp-block-image\"><img loading=\"lazy\" decoding=\"async\" width=\"602\" height=\"402\" src=\"https:\/\/plavnica.fara.sk\/wp-content\/uploads\/2019\/04\/sv\u00e4ty\u0148a.jpg\" alt=\"\" class=\"wp-image-338\" srcset=\"https:\/\/plavnica.fara.sk\/wp-content\/uploads\/2019\/04\/sv\u00e4ty\u0148a.jpg 602w, https:\/\/plavnica.fara.sk\/wp-content\/uploads\/2019\/04\/sv\u00e4ty\u0148a-300x200.jpg 300w\" sizes=\"auto, (max-width: 602px) 100vw, 602px\" \/><figcaption>presbyt\u00e9rium kostola<\/figcaption><\/figure>\n\n\n\n<p style=\"text-align: justify\">Chr\u00e1mov\u00fa akustiku dotv\u00e1ra dvojmanu\u00e1lov\u00fd 19 registrov\u00fd p\u00ed\u0161\u0165alov\u00fd organ, ktor\u00fd bol zak\u00fapen\u00fd z Rak\u00faska.\nNa \u010delnej strane organu je s\u00faso\u0161ie dvoch anjelov, ktor\u00ed dr\u017eia erb obce\nPlavnica. Na \u0148om je zobrazen\u00e9 stretnutie Panny M\u00e1rie so staru\u010dk\u00fdm Simeonom \u2013 teda prv\u00e1 M\u00e1riina boles\u0165. Organ bol po\u017eehnan\u00fd Mons. Bernardom Boberom, ko\u0161ick\u00fdm arcibiskupom metropolitom, po\u010das odpustovej sl\u00e1vnosti v roku 2011.<\/p>\n\n\n\n<p>V kostolnej ve\u017ei sa\nnach\u00e1dzaj\u00fa 3 zvony, ktor\u00e9 zvol\u00e1vaj\u00fa veriacich k modlitbe:<\/p>\n<ol>\n<ul>sv. M\u00e1ria &#8211; t\u00f3n C2 &#8211; 320 kg<\/ul>\n<ul>sv. Michal &#8211; t\u00f3n D2 &#8211; 125 kg<\/ul>\n<ul>sv. Vendel\u00edn &#8211; t\u00f3n F2 &#8211; 95 kg<\/ul>\n\n<\/ol>\n\n\n\n<figure class=\"wp-block-image\"><img loading=\"lazy\" decoding=\"async\" width=\"327\" height=\"493\" src=\"https:\/\/plavnica.fara.sk\/wp-content\/uploads\/2019\/04\/zvonica.jpg\" alt=\"\" class=\"wp-image-339\" srcset=\"https:\/\/plavnica.fara.sk\/wp-content\/uploads\/2019\/04\/zvonica.jpg 327w, https:\/\/plavnica.fara.sk\/wp-content\/uploads\/2019\/04\/zvonica-199x300.jpg 199w\" sizes=\"auto, (max-width: 327px) 100vw, 327px\" \/><\/figure>\n\n\n\n<p style=\"text-align: justify\">Tieto zvony sa prv\u00fdkr\u00e1t rozozvu\u010dali na kostolnej ve\u017ei 28. decembra 2007. <\/p>\n\n\n\n<p  style=\"text-align: justify\">V kostole sa nach\u00e1dza aj\nkamera, ktorou sa pren\u00e1\u0161aj\u00fa prenosy sv. om\u0161\u00ed do dom\u00e1cnost\u00ed pre star\u00fdch\na chor\u00fdch \u013eud\u00ed.<\/p>\n\n\n\n<p align=\"justify>V kostole sa nach\u00e1dza aj kamera, ktorou sa pren\u00e1\u0161aj\u00fa prenosy sv. om\u0161\u00ed do dom\u00e1cnost\u00ed pre star\u00fdch a chor\u00fdch \u013eud\u00ed.<\/p>\n\n\n\n<p align=\"justify>Spiritualita kostola nie je odvoden\u00e1 len od Sedembolestnej Panny M\u00e1rie, ale aj od jeden\u00e1steho zastavenia\nkr\u00ed\u017eovej cesty, na ktorom s\u00fa zn\u00e1zornen\u00ed sv. J\u00e1n Pavol II., bl. Zdenka\nSchelingov\u00e1 a bl. Edmund Bojanowsk\u00fd. Tieto tri postavy ukazuj\u00fa na 3 stavy \u2013 k\u0148azsk\u00fd, reho\u013en\u00fd a laick\u00fd stav.<\/p>\n\n\n\n<figure class=\"wp-block-image is-resized\"><img loading=\"lazy\" decoding=\"async\" src=\"https:\/\/plavnica.fara.sk\/wp-content\/uploads\/2019\/04\/11.-zastavenie.png\" alt=\"\" class=\"wp-image-350\" width=\"643\" height=\"427\" srcset=\"https:\/\/plavnica.fara.sk\/wp-content\/uploads\/2019\/04\/11.-zastavenie.png 493w, https:\/\/plavnica.fara.sk\/wp-content\/uploads\/2019\/04\/11.-zastavenie-300x199.png 300w\" sizes=\"auto, (max-width: 643px) 100vw, 643px\" \/><\/figure>\n\n\n\n<p align=\"justify\">,,Kr\u00ed\u017eov\u00e1 cesta sa odohr\u00e1va v s\u00fa\u010dasnosti v ka\u017edom z n\u00e1s. Okrem historick\u00fdch post\u00e1v, ktor\u00fdmi s\u00fa Je\u017ei\u0161 a M\u00e1ria, predstavuj\u00fa ostatn\u00e9 postavy a predmety (Pil\u00e1t v obleku, \u0160imon Cyrenejsk\u00fd s aktovkou v ruke pon\u00e1h\u013eaj\u00fac sa domov z pr\u00e1ce, injek\u010dn\u00e1 strieka\u010dka, f\u013ea\u0161a alkoholu, neviestka, \u017eena s mobiln\u00fdm telef\u00f3nom v ruke) novodob\u00fdch \u013eud\u00ed \u017eij\u00facich v dne\u0161nom svete.\u201c<\/p>\n\n\n\n<figure class=\"wp-block-image is-resized\"><img loading=\"lazy\" decoding=\"async\" src=\"https:\/\/plavnica.fara.sk\/wp-content\/uploads\/2019\/04\/12.-zastavenie.png\" alt=\"\" class=\"wp-image-351\" width=\"635\" height=\"421\" srcset=\"https:\/\/plavnica.fara.sk\/wp-content\/uploads\/2019\/04\/12.-zastavenie.png 493w, https:\/\/plavnica.fara.sk\/wp-content\/uploads\/2019\/04\/12.-zastavenie-300x199.png 300w\" sizes=\"auto, (max-width: 635px) 100vw, 635px\" \/><\/figure>\n\n\n\n<p><strong>Foto: V. \u0160tup\u00e1kov\u00e1, L. Faber<\/strong><\/p>\n","protected":false},"excerpt":{"rendered":"<p>Farsk\u00fd kostol v Plavnici je zasv\u00e4ten\u00fd Sedembolestnej Panne M\u00e1rii, ktor\u00e1 je taktie\u017e patr\u00f3nkou obce a Slovenska. Mari\u00e1nske patroc\u00ednium bolo vybran\u00e9 [&hellip;]<\/p>\n","protected":false},"author":1,"featured_media":0,"parent":0,"menu_order":0,"comment_status":"closed","ping_status":"closed","template":"","meta":{"footnotes":""},"class_list":["post-219","page","type-page","status-publish","hentry"],"_links":{"self":[{"href":"https:\/\/plavnica.fara.sk\/index.php?rest_route=\/wp\/v2\/pages\/219","targetHints":{"allow":["GET"]}}],"collection":[{"href":"https:\/\/plavnica.fara.sk\/index.php?rest_route=\/wp\/v2\/pages"}],"about":[{"href":"https:\/\/plavnica.fara.sk\/index.php?rest_route=\/wp\/v2\/types\/page"}],"author":[{"embeddable":true,"href":"https:\/\/plavnica.fara.sk\/index.php?rest_route=\/wp\/v2\/users\/1"}],"replies":[{"embeddable":true,"href":"https:\/\/plavnica.fara.sk\/index.php?rest_route=%2Fwp%2Fv2%2Fcomments&post=219"}],"version-history":[{"count":16,"href":"https:\/\/plavnica.fara.sk\/index.php?rest_route=\/wp\/v2\/pages\/219\/revisions"}],"predecessor-version":[{"id":437,"href":"https:\/\/plavnica.fara.sk\/index.php?rest_route=\/wp\/v2\/pages\/219\/revisions\/437"}],"wp:attachment":[{"href":"https:\/\/plavnica.fara.sk\/index.php?rest_route=%2Fwp%2Fv2%2Fmedia&parent=219"}],"curies":[{"name":"wp","href":"https:\/\/api.w.org\/{rel}","templated":true}]}}