{"id":223,"date":"2019-02-17T15:55:30","date_gmt":"2019-02-17T14:55:30","guid":{"rendered":"https:\/\/plavnica.fara.sk\/?page_id=223"},"modified":"2025-09-17T07:23:46","modified_gmt":"2025-09-17T06:23:46","slug":"relikvie","status":"publish","type":"page","link":"https:\/\/plavnica.fara.sk\/?page_id=223","title":{"rendered":"Relikvie vo farskom kostole"},"content":{"rendered":"\n<blockquote class=\"wp-block-quote is-layout-flow wp-block-quote-is-layout-flow\">\n<p> Relikvie poukazuj\u00fa na Boha samotn\u00e9ho: je to toti\u017e on, kto silou svojej milosti d\u00e1va krehk\u00fdm kostiam odvahu, aby o \u0148om sved\u010dili pred svetom. Ke\u010f n\u00e1s Cirkev povzbudzuje k \u00facte vo\u010di telesn\u00fdm ostatkom mu\u010den\u00edkov a sv\u00e4t\u00fdch, nezab\u00fada, \u017ee v skuto\u010dnosti ide s\u00edce len o \u00faboh\u00e9 \u013eudsk\u00e9 kosti, ale \u017ee s\u00fa to kosti osobnost\u00ed, ktor\u00e9 nav\u0161t\u00edvila v\u0161etko presahuj\u00faca Bo\u017eia moc. <\/p>\n<cite>Benedikt XVI.<\/cite><\/blockquote>\n\n\n\n<p style=\"text-align: justify;\">\u00dacta k relikvi\u00e1m je v Cirkvi u\u017e od prv\u00fdch storo\u010d\u00ed. Kult relikvi\u00ed je spojen\u00fd so \u017eivotom Cirkvi, s jej rastom a \u0161\u00edren\u00edm do cel\u00e9ho sveta. U\u017e na za\u010diatku 4. storo\u010dia sa za\u010dali stava\u0165 olt\u00e1re a kaplnky nad hrobami mu\u010den\u00edkov. <\/p>\n\n\n\n<p>V na\u0161om farskom kostole m\u00e1me relikvie t\u00fdchto sv\u00e4t\u00fdch, resp. blahoslaven\u00fdch:<\/p>\n\n\n\n<figure class=\"wp-block-gallery has-nested-images columns-default is-cropped wp-block-gallery-1 is-layout-flex wp-block-gallery-is-layout-flex\">\n<figure class=\"wp-block-image\"><img loading=\"lazy\" decoding=\"async\" width=\"493\" height=\"327\" data-id=\"316\" src=\"https:\/\/plavnica.fara.sk\/wp-content\/uploads\/2019\/04\/sv.-Karol-Boromejsk\u00fd-1.jpg\" alt=\"\" class=\"wp-image-316\" srcset=\"https:\/\/plavnica.fara.sk\/wp-content\/uploads\/2019\/04\/sv.-Karol-Boromejsk\u00fd-1.jpg 493w, https:\/\/plavnica.fara.sk\/wp-content\/uploads\/2019\/04\/sv.-Karol-Boromejsk\u00fd-1-300x199.jpg 300w\" sizes=\"auto, (max-width: 493px) 100vw, 493px\" \/><figcaption class=\"wp-element-caption\">sv. Karol Boromejsk\u00fd<\/figcaption><\/figure>\n\n\n\n<figure class=\"wp-block-image\"><img loading=\"lazy\" decoding=\"async\" width=\"493\" height=\"327\" data-id=\"317\" src=\"https:\/\/plavnica.fara.sk\/wp-content\/uploads\/2019\/04\/sv.-J\u00e1n-Pavol-II.-1.jpg\" alt=\"\" class=\"wp-image-317\" srcset=\"https:\/\/plavnica.fara.sk\/wp-content\/uploads\/2019\/04\/sv.-J\u00e1n-Pavol-II.-1.jpg 493w, https:\/\/plavnica.fara.sk\/wp-content\/uploads\/2019\/04\/sv.-J\u00e1n-Pavol-II.-1-300x199.jpg 300w\" sizes=\"auto, (max-width: 493px) 100vw, 493px\" \/><figcaption class=\"wp-element-caption\">sv. J\u00e1n Pavol II.<\/figcaption><\/figure>\n\n\n\n<figure class=\"wp-block-image\"><img loading=\"lazy\" decoding=\"async\" width=\"420\" height=\"402\" data-id=\"318\" src=\"https:\/\/plavnica.fara.sk\/wp-content\/uploads\/2019\/04\/sv.-ko\u0161ick\u00ed-mu\u010den\u00edci-1.jpg\" alt=\"\" class=\"wp-image-318\" srcset=\"https:\/\/plavnica.fara.sk\/wp-content\/uploads\/2019\/04\/sv.-ko\u0161ick\u00ed-mu\u010den\u00edci-1.jpg 420w, https:\/\/plavnica.fara.sk\/wp-content\/uploads\/2019\/04\/sv.-ko\u0161ick\u00ed-mu\u010den\u00edci-1-300x287.jpg 300w\" sizes=\"auto, (max-width: 420px) 100vw, 420px\" \/><figcaption class=\"wp-element-caption\">sv. Ko\u0161ick\u00ed mu\u010den\u00edci<\/figcaption><\/figure>\n\n\n\n<figure class=\"wp-block-image\"><img loading=\"lazy\" decoding=\"async\" width=\"402\" height=\"602\" data-id=\"319\" src=\"https:\/\/plavnica.fara.sk\/wp-content\/uploads\/2019\/04\/sv.-Flori\u00e1n-2.jpg\" alt=\"\" class=\"wp-image-319\" srcset=\"https:\/\/plavnica.fara.sk\/wp-content\/uploads\/2019\/04\/sv.-Flori\u00e1n-2.jpg 402w, https:\/\/plavnica.fara.sk\/wp-content\/uploads\/2019\/04\/sv.-Flori\u00e1n-2-200x300.jpg 200w\" sizes=\"auto, (max-width: 402px) 100vw, 402px\" \/><figcaption class=\"wp-element-caption\">sv. Flori\u00e1n<\/figcaption><\/figure>\n\n\n\n<figure class=\"wp-block-image\"><img loading=\"lazy\" decoding=\"async\" width=\"327\" height=\"493\" data-id=\"320\" src=\"https:\/\/plavnica.fara.sk\/wp-content\/uploads\/2019\/04\/sv.-Vincent-de-Paul-1.jpg\" alt=\"\" class=\"wp-image-320\" srcset=\"https:\/\/plavnica.fara.sk\/wp-content\/uploads\/2019\/04\/sv.-Vincent-de-Paul-1.jpg 327w, https:\/\/plavnica.fara.sk\/wp-content\/uploads\/2019\/04\/sv.-Vincent-de-Paul-1-199x300.jpg 199w\" sizes=\"auto, (max-width: 327px) 100vw, 327px\" \/><figcaption class=\"wp-element-caption\">sv. Vincent de Paul<\/figcaption><\/figure>\n\n\n\n<figure class=\"wp-block-image\"><img loading=\"lazy\" decoding=\"async\" width=\"402\" height=\"602\" data-id=\"323\" src=\"https:\/\/plavnica.fara.sk\/wp-content\/uploads\/2019\/04\/sv.-J\u00e1n-M\u00e1ria-Vianney-1.jpg\" alt=\"\" class=\"wp-image-323\" srcset=\"https:\/\/plavnica.fara.sk\/wp-content\/uploads\/2019\/04\/sv.-J\u00e1n-M\u00e1ria-Vianney-1.jpg 402w, https:\/\/plavnica.fara.sk\/wp-content\/uploads\/2019\/04\/sv.-J\u00e1n-M\u00e1ria-Vianney-1-200x300.jpg 200w\" sizes=\"auto, (max-width: 402px) 100vw, 402px\" \/><figcaption class=\"wp-element-caption\">sv. J\u00e1n Maria Vianney<\/figcaption><\/figure>\n\n\n\n<figure class=\"wp-block-image\"><img loading=\"lazy\" decoding=\"async\" width=\"493\" height=\"327\" data-id=\"324\" src=\"https:\/\/plavnica.fara.sk\/wp-content\/uploads\/2019\/04\/bl.-Zdenka-Schelingov\u00e1-3.jpg\" alt=\"\" class=\"wp-image-324\" srcset=\"https:\/\/plavnica.fara.sk\/wp-content\/uploads\/2019\/04\/bl.-Zdenka-Schelingov\u00e1-3.jpg 493w, https:\/\/plavnica.fara.sk\/wp-content\/uploads\/2019\/04\/bl.-Zdenka-Schelingov\u00e1-3-300x199.jpg 300w\" sizes=\"auto, (max-width: 493px) 100vw, 493px\" \/><figcaption class=\"wp-element-caption\">bl. Zdenka Schelingov\u00e1<\/figcaption><\/figure>\n\n\n\n<figure class=\"wp-block-image\"><img loading=\"lazy\" decoding=\"async\" width=\"327\" height=\"493\" data-id=\"325\" src=\"https:\/\/plavnica.fara.sk\/wp-content\/uploads\/2019\/04\/bl.-Edmund-Bojanowski-3.jpg\" alt=\"\" class=\"wp-image-325\" srcset=\"https:\/\/plavnica.fara.sk\/wp-content\/uploads\/2019\/04\/bl.-Edmund-Bojanowski-3.jpg 327w, https:\/\/plavnica.fara.sk\/wp-content\/uploads\/2019\/04\/bl.-Edmund-Bojanowski-3-199x300.jpg 199w\" sizes=\"auto, (max-width: 327px) 100vw, 327px\" \/><figcaption class=\"wp-element-caption\">bl. Edmund Bojanowski<\/figcaption><\/figure>\n<\/figure>\n\n\n\n<p><strong>Foto: Luk\u00e1\u0161 Faber PHOTOGRAPHY<\/strong><\/p>\n","protected":false},"excerpt":{"rendered":"<p>Relikvie poukazuj\u00fa na Boha samotn\u00e9ho: je to toti\u017e on, kto silou svojej milosti d\u00e1va krehk\u00fdm kostiam odvahu, aby o \u0148om [&hellip;]<\/p>\n","protected":false},"author":1,"featured_media":0,"parent":0,"menu_order":0,"comment_status":"closed","ping_status":"closed","template":"","meta":{"footnotes":""},"class_list":["post-223","page","type-page","status-publish","hentry"],"_links":{"self":[{"href":"https:\/\/plavnica.fara.sk\/index.php?rest_route=\/wp\/v2\/pages\/223","targetHints":{"allow":["GET"]}}],"collection":[{"href":"https:\/\/plavnica.fara.sk\/index.php?rest_route=\/wp\/v2\/pages"}],"about":[{"href":"https:\/\/plavnica.fara.sk\/index.php?rest_route=\/wp\/v2\/types\/page"}],"author":[{"embeddable":true,"href":"https:\/\/plavnica.fara.sk\/index.php?rest_route=\/wp\/v2\/users\/1"}],"replies":[{"embeddable":true,"href":"https:\/\/plavnica.fara.sk\/index.php?rest_route=%2Fwp%2Fv2%2Fcomments&post=223"}],"version-history":[{"count":5,"href":"https:\/\/plavnica.fara.sk\/index.php?rest_route=\/wp\/v2\/pages\/223\/revisions"}],"predecessor-version":[{"id":2421,"href":"https:\/\/plavnica.fara.sk\/index.php?rest_route=\/wp\/v2\/pages\/223\/revisions\/2421"}],"wp:attachment":[{"href":"https:\/\/plavnica.fara.sk\/index.php?rest_route=%2Fwp%2Fv2%2Fmedia&parent=223"}],"curies":[{"name":"wp","href":"https:\/\/api.w.org\/{rel}","templated":true}]}}