{"id":225,"date":"2019-02-17T15:55:57","date_gmt":"2019-02-17T14:55:57","guid":{"rendered":"https:\/\/plavnica.fara.sk\/?page_id=225"},"modified":"2023-08-27T14:03:31","modified_gmt":"2023-08-27T13:03:31","slug":"duchovne-povolania","status":"publish","type":"page","link":"https:\/\/plavnica.fara.sk\/?page_id=225","title":{"rendered":"Duchovn\u00e9 povolania"},"content":{"rendered":"\n<blockquote class=\"wp-block-quote is-layout-flow wp-block-quote-is-layout-flow\"><p>\u00f3, M\u00e1ria, Kr\u00e1\u013eovn\u00e1 k\u0148azstva, vypros n\u00e1m nov\u00fdch a sv\u00e4t\u00fdch k\u0148azov!<\/p><\/blockquote>\n\n\n\n<figure class=\"wp-block-table is-style-stripes\"><table class=\"has-fixed-layout\"><tbody><tr><td><strong>meno a priezvisko<\/strong><\/td><td><strong>narodenie\/\u00famrtie<\/strong><\/td><td><strong>k\u0148azsk\u00e9\/reho\u013en\u00e9 s\u013euby<\/strong><\/td><td><strong>teraj\u0161ie p\u00f4sobisko (funkcia)<\/strong><\/td><\/tr><tr><td>P. Dion\u00fdz Andrej Salamon OFM<\/td><td>*1750\/ <strong>\u2020<\/strong>1799<\/td><td>1770<\/td><td>&#8211;<\/td><\/tr><tr><td>Jozef Miklo\u0161<\/td><td>*1913<strong>\/ \u2020<\/strong>1989<\/td><td>1937<\/td><td>&#8211;<\/td><\/tr><tr><td>Valent\u00edn Pavl\u00edk<\/td><td>*1916\/ <strong>\u2020<\/strong>1982<\/td><td>1942<\/td><td>&#8211;<\/td><\/tr><tr><td>\u0160tefan Grich<\/td><td>*1915\/<strong>&nbsp;\u2020<\/strong>1995<\/td><td>1942<\/td><td>&#8211;<\/td><\/tr><tr><td>Franti\u0161ek Fabi\u00e1n<\/td><td>*1919\/ <strong>\u2020<\/strong>1978<\/td><td>1944<\/td><td>&#8211;<\/td><\/tr><tr><td>\u0160tefan Bielak<\/td><td>*1958<\/td><td>1983<\/td><td>Michalovce (v\u00fdpomocn\u00fd duchovn\u00fd)<\/td><\/tr><tr><td>Miroslav Ky\u0161e\u013ea<\/td><td>*1966<\/td><td>1989<\/td><td>Obi\u0161ovce (dekan); Kosto\u013eany nad Horn\u00e1dom (far\u00e1r)<\/td><\/tr><tr><td>P. Jaroslav Rindo\u0161 SJ<\/td><td>*1964<\/td><td>1990<\/td><td>Pre\u0161ov (exercit\u00e1tor)<\/td><\/tr><tr><td>Jozef Dronzek<\/td><td>*1968<\/td><td>1994<\/td><td>Pre\u0161ov &#8211; stred (dekan);<br>Pre\u0161ov &#8211; sv. Mikul\u00e1\u0161a (far\u00e1r)<\/td><\/tr><tr><td>Sr. Petra Viera Valekov\u00e1<\/td><td>*1968<\/td><td>1995<\/td><td>Bratislava (reho\u013en\u00e1 sestra)<\/td><\/tr><tr><td>Fr. Peter \u0160tup\u00e1k, CM<\/td><td>*1969<\/td><td>1996<\/td><td>Bratislava (reho\u013en\u00fd brat)<\/td><\/tr><tr><td>Sr. Petra M\u00e1ria \u0160tup\u00e1kov\u00e1 DKL<\/td><td>*1971<\/td><td>1997<\/td><td>Bo\u0161any (reho\u013en\u00e1 sestra)<\/td><\/tr><tr><td>Peter Ky\u0161e\u013ea<\/td><td>*1974<\/td><td>1998<\/td><td>\u0160ari\u0161sk\u00e9 Micha\u013eany (far\u00e1r)<\/td><\/tr><tr><td>Sr. Andrea M\u00e1ria \u0160tup\u00e1kov\u00e1 DKL<\/td><td>*1978<\/td><td>2000<\/td><td>Budape\u0161\u0165 (reho\u013en\u00e1 sestra)<\/td><\/tr><tr><td>Peter Lazor<\/td><td>*1977<\/td><td>2003<\/td><td>Leme\u0161any (far\u00e1r)<\/td><\/tr><tr><td>P. Graci\u00e1n Peter Van\u010do OFM<\/td><td>* 1976<\/td><td>2004<\/td><td>Bratislava<\/td><\/tr><tr><td>Vladim\u00edr Nemec<\/td><td>*1980<\/td><td>2005<\/td><td>Kazachstan (misie)<\/td><\/tr><tr><td>Eduard Jan\u00ed\u010dek<\/td><td>*1980<\/td><td>2007<\/td><td>\u0160i\u0161ov (farsk\u00fd administr\u00e1tor)<\/td><\/tr><tr><td>Franti\u0161ek Bebko<\/td><td>*1981<\/td><td>2007<\/td><td>Liptovsk\u00e1 Tepli\u010dka (farsk\u00fd administr\u00e1tor)<\/td><\/tr><tr><td>Pavol Fedorko<\/td><td>*1982<\/td><td>2008<\/td><td>Pre\u0161ov-Solivar (\u0161kolsk\u00fd kapl\u00e1n)<\/td><\/tr><tr><td>Dominik Plavnick\u00fd<\/td><td>*1990<\/td><td>2017<\/td><td>Ko\u0161ice &#8211; sv. Mikul\u00e1\u0161a (farsk\u00fd vik\u00e1r)<\/td><\/tr><tr><td>P. Gorazd Tom\u00e1\u0161 Plavnick\u00fd O.Praem<\/td><td>*1986<\/td><td>2017<\/td><td>Humpolec &#8211; CZ (kapl\u00e1n) &#8211; posledn\u00e9 p\u00f4sobisko<\/td><\/tr><\/tbody><\/table><\/figure>\n","protected":false},"excerpt":{"rendered":"<p>\u00f3, M\u00e1ria, Kr\u00e1\u013eovn\u00e1 k\u0148azstva, vypros n\u00e1m nov\u00fdch a sv\u00e4t\u00fdch k\u0148azov! meno a priezvisko narodenie\/\u00famrtie k\u0148azsk\u00e9\/reho\u013en\u00e9 s\u013euby teraj\u0161ie p\u00f4sobisko (funkcia) P. [&hellip;]<\/p>\n","protected":false},"author":1,"featured_media":0,"parent":0,"menu_order":0,"comment_status":"closed","ping_status":"closed","template":"","meta":{"footnotes":""},"class_list":["post-225","page","type-page","status-publish","hentry"],"_links":{"self":[{"href":"https:\/\/plavnica.fara.sk\/index.php?rest_route=\/wp\/v2\/pages\/225","targetHints":{"allow":["GET"]}}],"collection":[{"href":"https:\/\/plavnica.fara.sk\/index.php?rest_route=\/wp\/v2\/pages"}],"about":[{"href":"https:\/\/plavnica.fara.sk\/index.php?rest_route=\/wp\/v2\/types\/page"}],"author":[{"embeddable":true,"href":"https:\/\/plavnica.fara.sk\/index.php?rest_route=\/wp\/v2\/users\/1"}],"replies":[{"embeddable":true,"href":"https:\/\/plavnica.fara.sk\/index.php?rest_route=%2Fwp%2Fv2%2Fcomments&post=225"}],"version-history":[{"count":18,"href":"https:\/\/plavnica.fara.sk\/index.php?rest_route=\/wp\/v2\/pages\/225\/revisions"}],"predecessor-version":[{"id":1961,"href":"https:\/\/plavnica.fara.sk\/index.php?rest_route=\/wp\/v2\/pages\/225\/revisions\/1961"}],"wp:attachment":[{"href":"https:\/\/plavnica.fara.sk\/index.php?rest_route=%2Fwp%2Fv2%2Fmedia&parent=225"}],"curies":[{"name":"wp","href":"https:\/\/api.w.org\/{rel}","templated":true}]}}