{"id":227,"date":"2019-02-17T15:56:07","date_gmt":"2019-02-17T14:56:07","guid":{"rendered":"https:\/\/plavnica.fara.sk\/?page_id=227"},"modified":"2024-11-23T17:46:48","modified_gmt":"2024-11-23T16:46:48","slug":"odpustky","status":"publish","type":"page","link":"https:\/\/plavnica.fara.sk\/?page_id=227","title":{"rendered":"Odpustky"},"content":{"rendered":"\n<p><strong><em>V\u0160EOBECN\u00c9&nbsp; PODMIENKY&nbsp; K&nbsp; ODPUSTKOM<\/em><\/strong><\/p>\n\n\n\n<p style=\"text-align: justify\">Po\u010das roka m\u00e1me nieko\u013eko pr\u00edle\u017eitost\u00ed, kedy m\u00f4\u017eeme z\u00edska\u0165 tzv. plnomocn\u00e9 odpustky. \u010co s\u00fa odpustky, n\u00e1m hovor\u00ed <a rel=\"noreferrer noopener\" href=\"http:\/\/www.katechizmus.sk\/?action=getk&amp;kid=2030\" target=\"_blank\">Katechizmus Katol\u00edckej Cirkvi v bodoch 1471-1479<\/a>. V skratke: t\u00fdm, \u017ee \u010dlovek sp\u00e1cha hriech, prip\u00ed\u0161e sa mu vina, ale aj n\u00e1sledok za \u0148u, teda trest. Ak sme sp\u00e1chali \u0165a\u017ek\u00fd hriech (vedome, dobrovo\u013ene a vo v\u00e1\u017enej veci), zasl\u00fa\u017eime si za\u0148 ve\u010dn\u00fd trest (peklo). Ak sme sp\u00e1chali \u013eahk\u00fd hriech, zasl\u00fa\u017eime si \u010dasn\u00fd trest (o\u010distec). Boh vo svojom nekone\u010dnom milosrdenstve n\u00e1m d\u00e1va mo\u017enos\u0165 odpustenia hriechov vo sviatosti zmierenia. No aj vtedy, ke\u010f sa n\u00e1m odpust\u00ed hriech, n\u00e1sledok (teda trest) zost\u00e1va. S\u00edce nie ve\u010dn\u00fd (v pekle), ten sa odp\u00fa\u0161\u0165a spolu s hriechmi, ale \u010dasn\u00fd (v o\u010distci) zost\u00e1va. Ak chceme, aby sa n\u00e1m odpustili aj \u010dasn\u00e9 tresty, na to sl\u00fa\u017eia odpustky.<\/p>\n\n\n\n<p>K z\u00edskaniu odpustkov je potrebn\u00e9 vykona\u0165 nasledovn\u00e9:<\/p>\n<ol>\n<li>vzbudi\u0165 si \u00famysel z\u00edska\u0165 odpustky<\/li>\n<li>prist\u00fapi\u0165 k sviatosti zmierenia<\/li>\n<li>vzbudi\u0165 si rozhodnutie viac nehre\u0161i\u0165 (v\u00fdlu\u010d\u00ed\u0165 ak\u00fako\u013evek prip\u00fatanos\u0165 k hriechu)<\/li>\n<li>prija\u0165 Telo Kristovo (sv\u00e4t\u00e9 Prij\u00edmanie)<\/li>\n<li>pomodli\u0165 sa na \u00famysel Sv. Otca (napr\u00edklad Ot\u010de n\u00e1\u0161, Zdravas, Sl\u00e1va Otcu)<\/li>\n<\/ol>\n\n\n\n<p style=\"text-align: justify\">Okrem toho je potrebn\u00e9&nbsp;<strong>vykona\u0165 ur\u010den\u00fd skutok<\/strong>&nbsp;(pozri tabu\u013eku ni\u017e\u0161ie, napr. na sl\u00e1vnos\u0165 Krista Kr\u00e1\u013ea je t\u00fdm skutkom \u00fa\u010das\u0165 na verejnom recitovan\u00ed (v kostole) modlitby&nbsp;<em>Je\u017ei\u0161u, Vykupite\u013e \u013eudsk\u00e9ho pokolenia<\/em>).<\/p>\n\n\n\n<p><strong><em>Pre koho m\u00f4\u017eeme plnomocn\u00e9 odpustky z\u00edska\u0165?<\/em><\/strong><\/p>\n\n\n\n<p style=\"text-align: justify\">Ka\u017ed\u00fd s\u00e1m pre seba. V\u00fdnimku tvor\u00ed obdobie od 1. do 8. novembra. Vtedy m\u00f4\u017eeme z\u00edska\u0165 plnomocn\u00e9 odpustky len pre du\u0161e v o\u010distci, ka\u017ed\u00fd de\u0148 pre jednu du\u0161u.<\/p>\n\n\n\n<p><strong><em>Kedy m\u00f4\u017eeme plnomocn\u00e9 odpustky z\u00edska\u0165?<\/em><\/strong><\/p>\n\n\n\n<p style=\"text-align: justify\">S\u00fa ur\u010den\u00e9 dni v roku, v ktor\u00e9 m\u00f4\u017eeme z\u00edska\u0165 odpustky. Okrem toho s\u00fa v\u00fdnimo\u010dn\u00e9 udalosti, kedy m\u00f4\u017ee Sv. Otec alebo diec\u00e9zny biskup vyhl\u00e1si\u0165 mo\u017enos\u0165 z\u00edskania plnomocn\u00fdch odpustkov, napr. v jubilejnom roku, na p\u00fati a podobne.<\/p>\n\n\n\n<p><strong>Pravideln\u00e9 mo\u017enosti z\u00edskania odpustkov:<\/strong><\/p>\n\n\n\n<figure class=\"wp-block-table\"><table><tbody><tr><td><strong>De\u0148<\/strong><\/td><td><strong>Ur\u010den\u00fd skutok<\/strong><\/td><\/tr><tr><td>Sl\u00e1vnos\u0165 Panny M\u00e1rie Bohorodi\u010dky (Nov\u00fd rok)<\/td><td>Z\u00fa\u010dastni\u0165 sa verejnej modlitby (spevu)&nbsp;<em>Veni Creator (Pr\u00ed\u010f, Duchu Sv\u00e4t\u00fd, tvoriv\u00fd)<\/em><\/td><\/tr><tr><td>Ka\u017ed\u00fd de\u0148 v p\u00f4ste (40 dn\u00ed pred Ve\u013ekou Nocou)<\/td><td>Vykona\u0165 si kr\u00ed\u017eov\u00fa cestu (pri verejnej pobo\u017enosti sta\u010d\u00ed, ak sa pohybuje od jedn\u00e9ho zastavenia k druh\u00e9mu ten, \u010do vedie pobo\u017enos\u0165; pri s\u00fakromnej pobo\u017enosti sa treba taktie\u017e pohybova\u0165)<\/td><\/tr><tr><td>Ka\u017ed\u00fd piatok v p\u00f4ste<\/td><td>Pomodli\u0165 sa po prij\u00edman\u00ed pred obrazom Ukri\u017eovan\u00e9ho Je\u017ei\u0161a Krista modlitbu&nbsp;<em>Dobr\u00fd a prel\u00e1skav\u00fd Je\u017ei\u0161u<\/em><\/td><\/tr><tr><td>Zelen\u00fd \u0161tvrtok<\/td><td>Pri verejnej poklone Najsv\u00e4tej\u0161ej Sviatosti (ador\u00e1cii) sa z\u00fa\u010dastni\u0165 recitovania alebo spevu hymnu&nbsp;<em>Tantum ergo (Ctime t\u00fato Sviatos\u0165 sl\u00e1vnu)<\/em><\/td><\/tr><tr><td>Ve\u013ek\u00fd piatok<\/td><td>N\u00e1bo\u017en\u00e1 \u00fa\u010das\u0165 poklone kr\u00ed\u017eu pri obradoch Ve\u013ek\u00e9ho piatku<\/td><\/tr><tr><td>Ve\u013ekono\u010dn\u00e1 vig\u00edlia (vzkriesenie)<\/td><td>Obnovenie krstn\u00fdch s\u013eubov<\/td><\/tr><tr><td>Zoslanie Ducha Sv\u00e4t\u00e9ho<\/td><td>\u00da\u010das\u0165 na verejnom recitovan\u00ed alebo speve hymnu&nbsp;<em>Veni Creator (Pr\u00ed\u010f, Duchu Sv\u00e4t\u00fd, tvoriv\u00fd)<\/em><\/td><\/tr><tr><td>Najsv\u00e4tej\u0161ieho Kristovho Tela a Krvi<\/td><td>\u00da\u010das\u0165 na verejnom recitovan\u00ed alebo speve hymnu&nbsp;<em>Tantum ergo (Ctime t\u00fato Sviatos\u0165 sl\u00e1vnu)<\/em><\/td><\/tr><tr><td>Najsv\u00e4tej\u0161ieho Srdca Je\u017ei\u0161ovho<\/td><td>\u00da\u010das\u0165 na verejnom recitovan\u00ed modlitby&nbsp;<em>Najmil\u0161\u00ed Je\u017ei\u0161u<\/em><\/td><\/tr><tr><td>Porciunkula &#8211; 2. augusta<\/td><td>N\u00e1bo\u017en\u00e1 n\u00e1v\u0161teva farsk\u00e9ho alebo franti\u0161k\u00e1nskeho kostola spojen\u00e1 s modlitbou P\u00e1na (Ot\u010de n\u00e1\u0161) a vyznan\u00edm viery (Ver\u00edm v Boha)<br><\/td><\/tr><tr><td>15. septembra<\/td><td>Odpustov\u00e1 sl\u00e1vnos\u0165 Sedembolestnej Panny M\u00e1rie<\/td><\/tr><tr><td>Ka\u017ed\u00fd de\u0148 v okt\u00f3bri<\/td><td>Modlitba ru\u017eenca v spolo\u010denstve veriacich (p\u00e4\u0165 desiatkov s vysloven\u00edm jednotliv\u00fdch tajomstiev, rozj\u00edmanie nad tajomstvami)<\/td><\/tr><tr><td>1.-8. novembra &#8211; len pre du\u0161e v o\u010distci<\/td><td>N\u00e1bo\u017ene nav\u0161t\u00edvi\u0165 cintor\u00edn a aspo\u0148 mys\u013eou sa pomodli\u0165 za zosnul\u00fdch<\/td><\/tr><tr><td>2. novembra &#8211; len pre du\u0161e v o\u010distci<\/td><td>N\u00e1bo\u017ene nav\u0161t\u00edvi\u0165 kostol (kaplnku), pomodli\u0165 sa Ot\u010de n\u00e1\u0161 a urobi\u0165 vyznanie viery (Ver\u00edm v Boha)<\/td><\/tr><tr><td>Nede\u013ea Krista Kr\u00e1\u013ea<\/td><td>\u00da\u010das\u0165 na verejnom recitovan\u00ed modlitby&nbsp;<em>Je\u017ei\u0161u, Vykupite\u013e \u013eudsk\u00e9ho pokolenia<\/em><\/td><\/tr><tr><td>31. decembra<\/td><td>Pri verejnej \u010fakovnej pobo\u017enosti \u00fa\u010das\u0165 na speve hymnu&nbsp;<em>Teba, Bo\u017ee, chv\u00e1lime<\/em><\/td><\/tr><\/tbody><\/table><\/figure>\n\n\n\n<u><p style=\"text-align: justify\"><strong>V tomto roku, pri pr\u00edle\u017eitosti 400. v\u00fdro\u010dia mu\u010den\u00edckej smrti sv. ko\u0161ick\u00fdch mu\u010den\u00edkov, m\u00f4\u017eu veriaci z\u00edskava\u0165 plnomocn\u00e9 odpustky aj v na\u0161om farskom kostole. Jubilejn\u00fd rok trv\u00e1 od 1. decembra 2018 do 30. novembra 2019. Apo\u0161tolsk\u00e1 peniteci\u00e1ria na z\u00e1klade poverenie Sv\u00e4t\u00e9ho Otca Franti\u0161ka ude\u013eeje plnomocn\u00e9 odpustky veriacim, ktor\u00ed splnia obvykle podmienky (sv. spove\u010f, sv. prij\u00edmanie, modlitba na \u00famysel Sv. Otca) a bud\u00fa sa ist\u00fd \u010das venova\u0165 n\u00e1bo\u017en\u00e9mu rozj\u00edmaniu (v kostole) spojen\u00e9mu s modlitbou Ot\u010de n\u00e1\u0161, Vyznan\u00edm viery, potom so vz\u00fdvaniami Presv\u00e4tej Panny Bohorodi\u010dky i sv\u00e4t\u00fdch Ko\u0161ick\u00fdch mu\u010den\u00edkov. <\/strong><\/p><\/u>\n\n\n\n<p style=\"text-align: justify\"><strong>N\u00e1bo\u017en\u00ed veriaci, ktor\u00fdm br\u00e1ni pokro\u010dil\u00fd vek alebo \u0165a\u017ek\u00e1 nemoc, bud\u00fa m\u00f4c\u0165 rovnako z\u00edska\u0165 \u00fapln\u00e9 odpustky, ak odvrhnut\u00edm ak\u00e9hoko\u013evek hriechu s \u00famyslom splni\u0165, pokia\u013e to bude \u010d\u00edm sk\u00f4r mo\u017en\u00e9, tri obvykl\u00e9 podmienky, sa pripoja n\u00e1bo\u017ene pred nejak\u00fdm obr\u00e1zkom sv. Ko\u0161ick\u00fdch mu\u010den\u00edkov k sl\u00e1veniam jubilea a obetuj\u00fa milosrdn\u00e9mu Bohu svoje prosby a tr\u00e1penia. <\/strong><\/p>\n\n\n\n<p style=\"text-align: justify\"><strong>Cel\u00fd list Apo\u0161tolskej Penitenci\u00e1rie si m\u00f4\u017eete pre\u010d\u00edta\u0165 <\/strong><a href=\"http:\/\/www.ke-arcidieceza.sk\/wp-content\/uploads\/2018\/11\/Dekr%C3%A9ty-Ko%C5%A1.-mu%C4%8Den%C3%ADci-odpustky-2019.pdf\"><strong>na tejto adrese<\/strong><\/a><strong>.<\/strong><\/p>\n\n\n\n<h2 class=\"wp-block-heading\">Jubilejn\u00fd rok 2025<\/h2>\n\n\n\n<figure class=\"wp-block-image size-large\"><img loading=\"lazy\" decoding=\"async\" width=\"724\" height=\"1024\" src=\"https:\/\/plavnica.fara.sk\/wp-content\/uploads\/2024\/11\/251eaff113c64aeeaeadc73a07d39254Fm84v7YCUundlqKj-0-724x1024.png\" alt=\"\" class=\"wp-image-2272\" srcset=\"https:\/\/plavnica.fara.sk\/wp-content\/uploads\/2024\/11\/251eaff113c64aeeaeadc73a07d39254Fm84v7YCUundlqKj-0-724x1024.png 724w, https:\/\/plavnica.fara.sk\/wp-content\/uploads\/2024\/11\/251eaff113c64aeeaeadc73a07d39254Fm84v7YCUundlqKj-0-212x300.png 212w, https:\/\/plavnica.fara.sk\/wp-content\/uploads\/2024\/11\/251eaff113c64aeeaeadc73a07d39254Fm84v7YCUundlqKj-0-768x1087.png 768w, https:\/\/plavnica.fara.sk\/wp-content\/uploads\/2024\/11\/251eaff113c64aeeaeadc73a07d39254Fm84v7YCUundlqKj-0-1086x1536.png 1086w, https:\/\/plavnica.fara.sk\/wp-content\/uploads\/2024\/11\/251eaff113c64aeeaeadc73a07d39254Fm84v7YCUundlqKj-0-1447x2048.png 1447w, https:\/\/plavnica.fara.sk\/wp-content\/uploads\/2024\/11\/251eaff113c64aeeaeadc73a07d39254Fm84v7YCUundlqKj-0.png 1653w\" sizes=\"auto, (max-width: 724px) 100vw, 724px\" \/><\/figure>\n\n\n\n<figure class=\"wp-block-image size-large\"><img loading=\"lazy\" decoding=\"async\" width=\"724\" height=\"1024\" src=\"https:\/\/plavnica.fara.sk\/wp-content\/uploads\/2024\/11\/251eaff113c64aeeaeadc73a07d39254Fm84v7YCUundlqKj-1-724x1024.png\" alt=\"\" class=\"wp-image-2273\" srcset=\"https:\/\/plavnica.fara.sk\/wp-content\/uploads\/2024\/11\/251eaff113c64aeeaeadc73a07d39254Fm84v7YCUundlqKj-1-724x1024.png 724w, https:\/\/plavnica.fara.sk\/wp-content\/uploads\/2024\/11\/251eaff113c64aeeaeadc73a07d39254Fm84v7YCUundlqKj-1-212x300.png 212w, https:\/\/plavnica.fara.sk\/wp-content\/uploads\/2024\/11\/251eaff113c64aeeaeadc73a07d39254Fm84v7YCUundlqKj-1-768x1087.png 768w, https:\/\/plavnica.fara.sk\/wp-content\/uploads\/2024\/11\/251eaff113c64aeeaeadc73a07d39254Fm84v7YCUundlqKj-1-1086x1536.png 1086w, https:\/\/plavnica.fara.sk\/wp-content\/uploads\/2024\/11\/251eaff113c64aeeaeadc73a07d39254Fm84v7YCUundlqKj-1-1447x2048.png 1447w, https:\/\/plavnica.fara.sk\/wp-content\/uploads\/2024\/11\/251eaff113c64aeeaeadc73a07d39254Fm84v7YCUundlqKj-1.png 1653w\" sizes=\"auto, (max-width: 724px) 100vw, 724px\" \/><\/figure>\n\n\n\n<figure class=\"wp-block-image size-large\"><img loading=\"lazy\" decoding=\"async\" width=\"724\" height=\"1024\" src=\"https:\/\/plavnica.fara.sk\/wp-content\/uploads\/2024\/11\/jubilejny_rok_2025-1-724x1024.png\" alt=\"\" class=\"wp-image-2278\" srcset=\"https:\/\/plavnica.fara.sk\/wp-content\/uploads\/2024\/11\/jubilejny_rok_2025-1-724x1024.png 724w, https:\/\/plavnica.fara.sk\/wp-content\/uploads\/2024\/11\/jubilejny_rok_2025-1-212x300.png 212w, https:\/\/plavnica.fara.sk\/wp-content\/uploads\/2024\/11\/jubilejny_rok_2025-1-768x1087.png 768w, https:\/\/plavnica.fara.sk\/wp-content\/uploads\/2024\/11\/jubilejny_rok_2025-1-1086x1536.png 1086w, https:\/\/plavnica.fara.sk\/wp-content\/uploads\/2024\/11\/jubilejny_rok_2025-1-1447x2048.png 1447w, https:\/\/plavnica.fara.sk\/wp-content\/uploads\/2024\/11\/jubilejny_rok_2025-1.png 1653w\" sizes=\"auto, (max-width: 724px) 100vw, 724px\" \/><\/figure>\n","protected":false},"excerpt":{"rendered":"<p>V\u0160EOBECN\u00c9&nbsp; PODMIENKY&nbsp; K&nbsp; ODPUSTKOM Po\u010das roka m\u00e1me nieko\u013eko pr\u00edle\u017eitost\u00ed, kedy m\u00f4\u017eeme z\u00edska\u0165 tzv. plnomocn\u00e9 odpustky. \u010co s\u00fa odpustky, n\u00e1m hovor\u00ed [&hellip;]<\/p>\n","protected":false},"author":1,"featured_media":0,"parent":0,"menu_order":0,"comment_status":"closed","ping_status":"closed","template":"","meta":{"footnotes":""},"class_list":["post-227","page","type-page","status-publish","hentry"],"_links":{"self":[{"href":"https:\/\/plavnica.fara.sk\/index.php?rest_route=\/wp\/v2\/pages\/227","targetHints":{"allow":["GET"]}}],"collection":[{"href":"https:\/\/plavnica.fara.sk\/index.php?rest_route=\/wp\/v2\/pages"}],"about":[{"href":"https:\/\/plavnica.fara.sk\/index.php?rest_route=\/wp\/v2\/types\/page"}],"author":[{"embeddable":true,"href":"https:\/\/plavnica.fara.sk\/index.php?rest_route=\/wp\/v2\/users\/1"}],"replies":[{"embeddable":true,"href":"https:\/\/plavnica.fara.sk\/index.php?rest_route=%2Fwp%2Fv2%2Fcomments&post=227"}],"version-history":[{"count":8,"href":"https:\/\/plavnica.fara.sk\/index.php?rest_route=\/wp\/v2\/pages\/227\/revisions"}],"predecessor-version":[{"id":2279,"href":"https:\/\/plavnica.fara.sk\/index.php?rest_route=\/wp\/v2\/pages\/227\/revisions\/2279"}],"wp:attachment":[{"href":"https:\/\/plavnica.fara.sk\/index.php?rest_route=%2Fwp%2Fv2%2Fmedia&parent=227"}],"curies":[{"name":"wp","href":"https:\/\/api.w.org\/{rel}","templated":true}]}}