{"id":25,"date":"2019-01-29T20:02:46","date_gmt":"2019-01-29T19:02:46","guid":{"rendered":"https:\/\/plavnica.fara.sk\/?page_id=25"},"modified":"2019-04-13T19:14:38","modified_gmt":"2019-04-13T18:14:38","slug":"o-farnosti","status":"publish","type":"page","link":"https:\/\/plavnica.fara.sk\/?page_id=25","title":{"rendered":"O farnosti"},"content":{"rendered":"\n<p style=\"text-align: justify\">Farnos\u0165 Plavnica patr\u00ed do Lipiansk\u00e9ho dekan\u00e1tu Ko\u0161ickej arcidiec\u00e9zy. Do farnosti patria aj fili\u00e1lky Hromo\u0161, Hajtovka, \u00dadol, \u0160ambron a Matysov\u00e1.<\/p>\n\n\n\n<figure class=\"wp-block-image\"><img loading=\"lazy\" decoding=\"async\" width=\"327\" height=\"493\" src=\"https:\/\/plavnica.fara.sk\/wp-content\/uploads\/2019\/04\/kostol_jesen.jpg\" alt=\"\" class=\"wp-image-446\" srcset=\"https:\/\/plavnica.fara.sk\/wp-content\/uploads\/2019\/04\/kostol_jesen.jpg 327w, https:\/\/plavnica.fara.sk\/wp-content\/uploads\/2019\/04\/kostol_jesen-199x300.jpg 199w\" sizes=\"auto, (max-width: 327px) 100vw, 327px\" \/><\/figure>\n\n\n\n<p><strong>Titul farsk\u00e9ho kostola: Kostol Sedembolestnej Panny M\u00e1rie<\/strong><br>Za\u010diatok v\u00fdstavby: 9\/2001<br>Konsekr\u00e1cia: 4. novembra 2006 (Mons. Alojz Tk\u00e1\u010d, ko\u0161ick\u00fd arcibiskup &#8211; metropolita)<br><\/p>\n\n\n\n<p><strong>Titul fili\u00e1lneho kostola: Kostol Panny M\u00e1rie, Pomocnice kres\u0165anov<\/strong><br><\/p>\n\n\n\n<p><strong>Arcidiec\u00e9za: Ko\u0161ick\u00e1<br>Arcibiskup: Mons. Bernard Bober, arcibiskup-metropolita<\/strong><\/p>\n\n\n\n<figure class=\"wp-block-image is-resized\"><img decoding=\"async\" src=\"https:\/\/plavnica.fara.sk\/wp-content\/uploads\/2019\/04\/bernard_bober.jpg\" alt=\"\" class=\"wp-image-457\" width=\"257\" srcset=\"https:\/\/plavnica.fara.sk\/wp-content\/uploads\/2019\/04\/bernard_bober.jpg 305w, https:\/\/plavnica.fara.sk\/wp-content\/uploads\/2019\/04\/bernard_bober-255x300.jpg 255w\" sizes=\"(max-width: 305px) 100vw, 305px\" \/><\/figure>\n\n\n\n<p><br><strong>Pomocn\u00fd biskup a gener\u00e1lny vik\u00e1r: Mons. Marek Forg\u00e1\u010d<\/strong><br><\/p>\n\n\n\n<figure class=\"wp-block-image\"><img loading=\"lazy\" decoding=\"async\" width=\"257\" height=\"384\" src=\"https:\/\/plavnica.fara.sk\/wp-content\/uploads\/2019\/04\/marek_forg\u00e1\u010d.jpg\" alt=\"\" class=\"wp-image-458\" srcset=\"https:\/\/plavnica.fara.sk\/wp-content\/uploads\/2019\/04\/marek_forg\u00e1\u010d.jpg 257w, https:\/\/plavnica.fara.sk\/wp-content\/uploads\/2019\/04\/marek_forg\u00e1\u010d-201x300.jpg 201w\" sizes=\"auto, (max-width: 257px) 100vw, 257px\" \/><\/figure>\n\n\n\n<p>Dekan\u00e1t: Lipiansk\u00fd<br>Dekan: doc. ThDr. Peter Sedl\u00e1k PhD.<\/p>\n\n\n\n<p>Fili\u00e1lky: Hromo\u0161, Hajtovka, \u00dadol, \u0160ambron, Matysov\u00e1<br>Dni celodennej poklony: 29. j\u00fana a 11. decembra<\/p>\n","protected":false},"excerpt":{"rendered":"<p>Farnos\u0165 Plavnica patr\u00ed do Lipiansk\u00e9ho dekan\u00e1tu Ko\u0161ickej arcidiec\u00e9zy. Do farnosti patria aj fili\u00e1lky Hromo\u0161, Hajtovka, \u00dadol, \u0160ambron a Matysov\u00e1. Titul [&hellip;]<\/p>\n","protected":false},"author":1,"featured_media":0,"parent":0,"menu_order":0,"comment_status":"closed","ping_status":"closed","template":"","meta":{"footnotes":""},"class_list":["post-25","page","type-page","status-publish","hentry"],"_links":{"self":[{"href":"https:\/\/plavnica.fara.sk\/index.php?rest_route=\/wp\/v2\/pages\/25","targetHints":{"allow":["GET"]}}],"collection":[{"href":"https:\/\/plavnica.fara.sk\/index.php?rest_route=\/wp\/v2\/pages"}],"about":[{"href":"https:\/\/plavnica.fara.sk\/index.php?rest_route=\/wp\/v2\/types\/page"}],"author":[{"embeddable":true,"href":"https:\/\/plavnica.fara.sk\/index.php?rest_route=\/wp\/v2\/users\/1"}],"replies":[{"embeddable":true,"href":"https:\/\/plavnica.fara.sk\/index.php?rest_route=%2Fwp%2Fv2%2Fcomments&post=25"}],"version-history":[{"count":8,"href":"https:\/\/plavnica.fara.sk\/index.php?rest_route=\/wp\/v2\/pages\/25\/revisions"}],"predecessor-version":[{"id":459,"href":"https:\/\/plavnica.fara.sk\/index.php?rest_route=\/wp\/v2\/pages\/25\/revisions\/459"}],"wp:attachment":[{"href":"https:\/\/plavnica.fara.sk\/index.php?rest_route=%2Fwp%2Fv2%2Fmedia&parent=25"}],"curies":[{"name":"wp","href":"https:\/\/api.w.org\/{rel}","templated":true}]}}