{"id":28,"date":"2019-01-29T20:02:46","date_gmt":"2019-01-29T19:02:46","guid":{"rendered":"https:\/\/plavnica.fara.sk\/?page_id=28"},"modified":"2019-02-17T14:41:46","modified_gmt":"2019-02-17T13:41:46","slug":"spolocenstva-vo-farnosti","status":"publish","type":"page","link":"https:\/\/plavnica.fara.sk\/?page_id=28","title":{"rendered":"Spolo\u010denstv\u00e1 vo farnosti"},"content":{"rendered":"\n<blockquote class=\"wp-block-quote is-layout-flow wp-block-quote-is-layout-flow\"><p>,,\u010c\u00edm viac \u017eijeme v spolo\u010denstve Cirkvi, t\u00fdm viac \u017eijeme v spolo\u010denstve s Duchom Sv\u00e4t\u00fdm, ktor\u00fd je Duchom Cirkvi. \u010c\u00edm viac milujeme Cirkev, t\u00fdm viac milujeme Krista, ve\u010f Cirkev je jeho tajomn\u00fdm telom.&#8220;<\/p><cite>Charles de Foucauld (1853-1916)<\/cite><\/blockquote>\n\n\n\n<p>V na\u0161ej farnosti funguj\u00fa viacer\u00e9 spolo\u010denstv\u00e1, prostredn\u00edctvom ktor\u00fdch sa laici m\u00f4\u017eu zap\u00e1ja\u0165 do chodu celej farnosti.<\/p>\n\n\n\n<p><a rel=\"noreferrer noopener\" aria-label=\"erko (otvor\u00ed sa v novej karte)\" href=\"https:\/\/plavnica.fara.sk\/?page_id=64\" target=\"_blank\">eRko<\/a><br><a rel=\"noreferrer noopener\" aria-label=\"Detsk\u00fd spevokol (otvor\u00ed sa v novej karte)\" href=\"https:\/\/plavnica.fara.sk\/?page_id=67\" target=\"_blank\">Detsk\u00fd spevokol<\/a><br><a rel=\"noreferrer noopener\" aria-label=\"Chr\u00e1mov\u00fd zbor (otvor\u00ed sa v novej karte)\" href=\"https:\/\/plavnica.fara.sk\/?page_id=73\" target=\"_blank\">Chr\u00e1mov\u00fd zbor<\/a><br><a rel=\"noreferrer noopener\" aria-label=\"Ru\u017eencov\u00e9 bratsthv (otvor\u00ed sa v novej karte)\" href=\"https:\/\/plavnica.fara.sk\/?page_id=78\" target=\"_blank\">Ru\u017eencov\u00e9 bratstvo<\/a><br><a rel=\"noreferrer noopener\" aria-label=\"Zdru\u017eenie Z\u00e1zra\u010dnej medaily (otvor\u00ed sa v novej karte)\" href=\"https:\/\/plavnica.fara.sk\/?page_id=84\" target=\"_blank\">Zdru\u017eenie Z\u00e1zra\u010dnej medaily<\/a><br><a rel=\"noreferrer noopener\" aria-label=\"Sestry slu\u017eobn\u00ed\u010dky (otvor\u00ed sa v novej karte)\" href=\"https:\/\/plavnica.fara.sk\/?page_id=76\" target=\"_blank\">Sestry slu\u017eobn\u00ed\u010dky<\/a><br><a rel=\"noreferrer noopener\" aria-label=\"Modlitby matiek (otvor\u00ed sa v novej karte)\" href=\"https:\/\/plavnica.fara.sk\/?page_id=82\" target=\"_blank\">Modlitby matiek<\/a><br><a href=\"https:\/\/plavnica.fara.sk\/?page_id=86\" target=\"_blank\" rel=\"noreferrer noopener\" aria-label=\"Hnutie Svetlo-\u017divot (otvor\u00ed sa v novej karte)\">Hnutie Svetlo-\u017divot<\/a><\/p>\n","protected":false},"excerpt":{"rendered":"<p>,,\u010c\u00edm viac \u017eijeme v spolo\u010denstve Cirkvi, t\u00fdm viac \u017eijeme v spolo\u010denstve s Duchom Sv\u00e4t\u00fdm, ktor\u00fd je Duchom Cirkvi. \u010c\u00edm viac [&hellip;]<\/p>\n","protected":false},"author":1,"featured_media":0,"parent":0,"menu_order":0,"comment_status":"closed","ping_status":"closed","template":"","meta":{"footnotes":""},"class_list":["post-28","page","type-page","status-publish","hentry"],"_links":{"self":[{"href":"https:\/\/plavnica.fara.sk\/index.php?rest_route=\/wp\/v2\/pages\/28","targetHints":{"allow":["GET"]}}],"collection":[{"href":"https:\/\/plavnica.fara.sk\/index.php?rest_route=\/wp\/v2\/pages"}],"about":[{"href":"https:\/\/plavnica.fara.sk\/index.php?rest_route=\/wp\/v2\/types\/page"}],"author":[{"embeddable":true,"href":"https:\/\/plavnica.fara.sk\/index.php?rest_route=\/wp\/v2\/users\/1"}],"replies":[{"embeddable":true,"href":"https:\/\/plavnica.fara.sk\/index.php?rest_route=%2Fwp%2Fv2%2Fcomments&post=28"}],"version-history":[{"count":4,"href":"https:\/\/plavnica.fara.sk\/index.php?rest_route=\/wp\/v2\/pages\/28\/revisions"}],"predecessor-version":[{"id":374,"href":"https:\/\/plavnica.fara.sk\/index.php?rest_route=\/wp\/v2\/pages\/28\/revisions\/374"}],"wp:attachment":[{"href":"https:\/\/plavnica.fara.sk\/index.php?rest_route=%2Fwp%2Fv2%2Fmedia&parent=28"}],"curies":[{"name":"wp","href":"https:\/\/api.w.org\/{rel}","templated":true}]}}