{"id":542,"date":"2019-05-05T14:27:49","date_gmt":"2019-05-05T13:27:49","guid":{"rendered":"https:\/\/plavnica.fara.sk\/?page_id=542"},"modified":"2019-05-05T14:27:49","modified_gmt":"2019-05-05T13:27:49","slug":"filialny-kostol","status":"publish","type":"page","link":"https:\/\/plavnica.fara.sk\/?page_id=542","title":{"rendered":"Fili\u00e1lny kostol"},"content":{"rendered":"\n<p>V Hromo\u0161i sa nach\u00e1dza fili\u00e1lny kostol, ktor\u00fd je zasv\u00e4ten\u00fd Panne M\u00e1rii, Pomocnici kres\u0165anov.<\/p>\n\n\n\n<figure class=\"wp-block-image\"><img loading=\"lazy\" decoding=\"async\" width=\"717\" height=\"478\" src=\"https:\/\/plavnica.fara.sk\/wp-content\/uploads\/2019\/05\/DSC0188.jpg\" alt=\"\" class=\"wp-image-543\" srcset=\"https:\/\/plavnica.fara.sk\/wp-content\/uploads\/2019\/05\/DSC0188.jpg 717w, https:\/\/plavnica.fara.sk\/wp-content\/uploads\/2019\/05\/DSC0188-300x200.jpg 300w\" sizes=\"auto, (max-width: 717px) 100vw, 717px\" \/><figcaption><br><\/figcaption><\/figure>\n\n\n\n<figure class=\"wp-block-image\"><img loading=\"lazy\" decoding=\"async\" width=\"717\" height=\"478\" src=\"https:\/\/plavnica.fara.sk\/wp-content\/uploads\/2019\/05\/DSC0192.jpg\" alt=\"\" class=\"wp-image-544\" srcset=\"https:\/\/plavnica.fara.sk\/wp-content\/uploads\/2019\/05\/DSC0192.jpg 717w, https:\/\/plavnica.fara.sk\/wp-content\/uploads\/2019\/05\/DSC0192-300x200.jpg 300w\" sizes=\"auto, (max-width: 717px) 100vw, 717px\" \/><\/figure>\n\n\n\n<figure class=\"wp-block-image\"><img loading=\"lazy\" decoding=\"async\" width=\"478\" height=\"717\" src=\"https:\/\/plavnica.fara.sk\/wp-content\/uploads\/2019\/05\/DSC0195.jpg\" alt=\"\" class=\"wp-image-545\" srcset=\"https:\/\/plavnica.fara.sk\/wp-content\/uploads\/2019\/05\/DSC0195.jpg 478w, https:\/\/plavnica.fara.sk\/wp-content\/uploads\/2019\/05\/DSC0195-200x300.jpg 200w\" sizes=\"auto, (max-width: 478px) 100vw, 478px\" \/><\/figure>\n\n\n\n<figure class=\"wp-block-image\"><img loading=\"lazy\" decoding=\"async\" width=\"717\" height=\"478\" src=\"https:\/\/plavnica.fara.sk\/wp-content\/uploads\/2019\/05\/DSC0222.jpg\" alt=\"\" class=\"wp-image-546\" srcset=\"https:\/\/plavnica.fara.sk\/wp-content\/uploads\/2019\/05\/DSC0222.jpg 717w, https:\/\/plavnica.fara.sk\/wp-content\/uploads\/2019\/05\/DSC0222-300x200.jpg 300w\" sizes=\"auto, (max-width: 717px) 100vw, 717px\" \/><\/figure>\n","protected":false},"excerpt":{"rendered":"<p>V Hromo\u0161i sa nach\u00e1dza fili\u00e1lny kostol, ktor\u00fd je zasv\u00e4ten\u00fd Panne M\u00e1rii, Pomocnici kres\u0165anov.<\/p>\n","protected":false},"author":1,"featured_media":0,"parent":0,"menu_order":0,"comment_status":"closed","ping_status":"closed","template":"","meta":{"footnotes":""},"class_list":["post-542","page","type-page","status-publish","hentry"],"_links":{"self":[{"href":"https:\/\/plavnica.fara.sk\/index.php?rest_route=\/wp\/v2\/pages\/542","targetHints":{"allow":["GET"]}}],"collection":[{"href":"https:\/\/plavnica.fara.sk\/index.php?rest_route=\/wp\/v2\/pages"}],"about":[{"href":"https:\/\/plavnica.fara.sk\/index.php?rest_route=\/wp\/v2\/types\/page"}],"author":[{"embeddable":true,"href":"https:\/\/plavnica.fara.sk\/index.php?rest_route=\/wp\/v2\/users\/1"}],"replies":[{"embeddable":true,"href":"https:\/\/plavnica.fara.sk\/index.php?rest_route=%2Fwp%2Fv2%2Fcomments&post=542"}],"version-history":[{"count":1,"href":"https:\/\/plavnica.fara.sk\/index.php?rest_route=\/wp\/v2\/pages\/542\/revisions"}],"predecessor-version":[{"id":547,"href":"https:\/\/plavnica.fara.sk\/index.php?rest_route=\/wp\/v2\/pages\/542\/revisions\/547"}],"wp:attachment":[{"href":"https:\/\/plavnica.fara.sk\/index.php?rest_route=%2Fwp%2Fv2%2Fmedia&parent=542"}],"curies":[{"name":"wp","href":"https:\/\/api.w.org\/{rel}","templated":true}]}}